{"id":281,"date":"2012-12-16T11:21:49","date_gmt":"2012-12-16T10:21:49","guid":{"rendered":"http:\/\/wordpress2.sao-filipe.com\/?page_id=281"},"modified":"2018-05-26T10:52:30","modified_gmt":"2018-05-26T09:52:30","slug":"impressum","status":"publish","type":"page","link":"https:\/\/wordpress2.sao-filipe.com\/?page_id=281","title":{"rendered":"Impressum"},"content":{"rendered":"<p>Verantwortlich f\u00fcr den Inhalt der website &#8222;Neues von Fogo&#8220;:<\/p>\n<p>Mike Goike<br \/>\nWaitzstr. 31B<br \/>\nD-24937 Flensburg<br \/>\nmgoike@gmx.net<\/p>\n<h5>_______________________________________________________________________________<\/h5>\n<p>Diese website wird ausschlie\u00dflich von Mike Goike gestaltet. Alle Inhalte und Strukturen sind urheberrechtlich gesch\u00fctzt. Jede anderweitige Verwertung, die nicht ausdr\u00fccklich vom Urheberrechtsgesetz zugelassen ist, bedarf der vorherigen schriftlichen Erlaubnis.<\/p>\n<p>Auf dieser website gibt es Links auf externe websites, auf deren Gestaltung ich keinen Einfluss habe. Ich \u00fcbernehme keine Gew\u00e4hr und Haftung f\u00fcr den Wahrheitsgehalt und die Legalit\u00e4t dieser externen Inhalte.<\/p>\n","protected":false},"excerpt":{"rendered":"<p>Verantwortlich f\u00fcr den Inhalt der website &#8222;Neues von Fogo&#8220;: Mike Goike Waitzstr. 31B D-24937 Flensburg mgoike@gmx.net _______________________________________________________________________________ Diese website wird ausschlie\u00dflich von Mike Goike gestaltet. Alle Inhalte und Strukturen sind urheberrechtlich gesch\u00fctzt. Jede anderweitige Verwertung, die nicht ausdr\u00fccklich vom Urheberrechtsgesetz &hellip; <a href=\"https:\/\/wordpress2.sao-filipe.com\/?page_id=281\">Weiterlesen <span class=\"meta-nav\">&rarr;<\/span><\/a><\/p>\n","protected":false},"author":1,"featured_media":0,"parent":0,"menu_order":3,"comment_status":"closed","ping_status":"closed","template":"","meta":{"footnotes":""},"class_list":["post-281","page","type-page","status-publish","hentry"],"_links":{"self":[{"href":"https:\/\/wordpress2.sao-filipe.com\/index.php?rest_route=\/wp\/v2\/pages\/281","targetHints":{"allow":["GET"]}}],"collection":[{"href":"https:\/\/wordpress2.sao-filipe.com\/index.php?rest_route=\/wp\/v2\/pages"}],"about":[{"href":"https:\/\/wordpress2.sao-filipe.com\/index.php?rest_route=\/wp\/v2\/types\/page"}],"author":[{"embeddable":true,"href":"https:\/\/wordpress2.sao-filipe.com\/index.php?rest_route=\/wp\/v2\/users\/1"}],"replies":[{"embeddable":true,"href":"https:\/\/wordpress2.sao-filipe.com\/index.php?rest_route=%2Fwp%2Fv2%2Fcomments&post=281"}],"version-history":[{"count":5,"href":"https:\/\/wordpress2.sao-filipe.com\/index.php?rest_route=\/wp\/v2\/pages\/281\/revisions"}],"predecessor-version":[{"id":1031,"href":"https:\/\/wordpress2.sao-filipe.com\/index.php?rest_route=\/wp\/v2\/pages\/281\/revisions\/1031"}],"wp:attachment":[{"href":"https:\/\/wordpress2.sao-filipe.com\/index.php?rest_route=%2Fwp%2Fv2%2Fmedia&parent=281"}],"curies":[{"name":"wp","href":"https:\/\/api.w.org\/{rel}","templated":true}]}}