{"id":2149,"date":"2025-05-26T09:33:56","date_gmt":"2025-05-26T08:33:56","guid":{"rendered":"https:\/\/wordpress2.sao-filipe.com\/?page_id=2149"},"modified":"2025-05-26T10:09:46","modified_gmt":"2025-05-26T09:09:46","slug":"die-kapverden-in-zahlen","status":"publish","type":"page","link":"https:\/\/wordpress2.sao-filipe.com\/?page_id=2149","title":{"rendered":"Die Kapverden in Zahlen"},"content":{"rendered":"\n<p><\/p>\n\n\n\n<div class=\"wp-block-media-text is-stacked-on-mobile\"><figure class=\"wp-block-media-text__media\"><img loading=\"lazy\" decoding=\"async\" width=\"960\" height=\"686\" src=\"https:\/\/wordpress2.sao-filipe.com\/wp-content\/uploads\/2025\/05\/statistik.jpg\" alt=\"\" class=\"wp-image-2152 size-full\" srcset=\"https:\/\/wordpress2.sao-filipe.com\/wp-content\/uploads\/2025\/05\/statistik.jpg 960w, https:\/\/wordpress2.sao-filipe.com\/wp-content\/uploads\/2025\/05\/statistik-300x214.jpg 300w, https:\/\/wordpress2.sao-filipe.com\/wp-content\/uploads\/2025\/05\/statistik-768x549.jpg 768w\" sizes=\"auto, (max-width: 960px) 100vw, 960px\" \/><\/figure><div class=\"wp-block-media-text__content\">\n<p>Statistik ist eine trockene Materie &#8211; aber nur f\u00fcr Menschen ohne Fantasie. Hinter den Zahlen steht das pralle Leben mit allen H\u00f6hen und Abgr\u00fcnden. Mit etwas Vorstellungskraft kann sich eine ganze Welt erschlie\u00dfen.&nbsp;<\/p>\n<\/div><\/div>\n\n\n\n<p>Unter anderem macht das Nationale Institut f\u00fcr Statistik (INE)  j\u00e4hrlich Erhebungen auf den Kapverden. In der Tabelle werden nur Durchschnittswerte dargestellt. Die Unterschiede zwischen Stadt und Land sind u.U. erheblich. Wo L\u00fccken sind, habe ich keine Daten gefunden<\/p>\n\n\n\n<figure class=\"wp-block-table\"><table><tbody><tr><td><strong>2001<\/strong><\/td><td><strong>2013<\/strong><\/td><td><strong>2023<\/strong><\/td><td><strong>Bev\u00f6lkerung<\/strong><\/td><\/tr><tr><td>435000<\/td><td>512000<\/td><td>509000<\/td><td>Anzahl der auf CV lebenden einheimischen Personen<\/td><\/tr><tr><td>95000<\/td><td>127000<\/td><td>156000<\/td><td>Anzahl der Haushalte<\/td><\/tr><tr><td>42%<\/td><td>25%<\/td><td>28%<\/td><td>Anteil der Personen unter 15 Jahre<\/td><\/tr><tr><td><\/td><td>50%<\/td><td>44%<\/td><td>Anteil der Personen unter 25 Jahre<\/td><\/tr><tr><td>6%<\/td><td>6%<\/td><td>7%<\/td><td>Anteil der Personen \u00fcber 65 Jahre<\/td><\/tr><tr><td><\/td><td>49%<\/td><td>53%<\/td><td>Anteil der ledigen Personen \u00fcber 12 Jahre<\/td><\/tr><tr><td><\/td><td>37%<\/td><td>26%<\/td><td>Anteil der Personen \u00fcber 12 Jahre in Lebensgemeinschaft<\/td><\/tr><tr><td><\/td><td>13%<\/td><td>13%<\/td><td>Anteil der verheirateten Personen \u00fcber 12 Jahre<\/td><\/tr><tr><td><\/td><td>2%<\/td><td><\/td><td>Ausl\u00e4nderanteil an der Bev\u00f6lkerung<\/td><\/tr><tr><td><\/td><td>13%<\/td><td>11%<\/td><td>Anteil der Analphabeten \u00fcber 15 Jahre<\/td><\/tr><tr><td><\/td><td>7,1<\/td><td>7,9<\/td><td>Durchschnittliche Anzahl der Schulbesuchsjahre<\/td><\/tr><tr><td><\/td><td><\/td><td>64%<\/td><td>Anteil der Personen, die das Land dauerhaft verlassen m\u00f6chten (2024)<\/td><\/tr><tr><td><\/td><td><\/td><td><\/td><td><\/td><\/tr><tr><td><\/td><td><\/td><td><\/td><td><strong>Lebensbedingungen der Familien<\/strong><\/td><\/tr><tr><td>25%<\/td><td>59%<\/td><td>74,00%<\/td><td>verf\u00fcgen \u00fcber flie\u00dfend Wasser<\/td><\/tr><tr><td>50%<\/td><td><\/td><td>90,00%<\/td><td>benutzen Chlor zu Desinfektion von Trinkwasser<\/td><\/tr><tr><td>59%<\/td><td>88%<\/td><td>94,00%<\/td><td>verf\u00fcgen \u00fcber Elektrizit\u00e4t<\/td><\/tr><tr><td><\/td><td>40%<\/td><td>88,00%<\/td><td>haben eine Sp\u00fcltoilette<\/td><\/tr><tr><td>45%<\/td><td>60%<\/td><td>12,00%<\/td><td>haben keine oder eine Trockentoilette<\/td><\/tr><tr><td>66%<\/td><td><\/td><td><\/td><td>Der Landbev\u00f6lkerung verrichten ihre Notdurft unter freiem Himmel<\/td><\/tr><tr><td>75%<\/td><td>56%<\/td><td>42,00%<\/td><td>entsorgen Schmutzwasser vor der Haust\u00fcr im Freien<\/td><\/tr><tr><td><\/td><td>76%<\/td><td>88,00%<\/td><td>entsorgen M\u00fcll \u00fcber die M\u00fcllabfuhr<\/td><\/tr><tr><td><\/td><td>10%<\/td><td>8,00%<\/td><td>verbrennen\/vergraben M\u00fcll<\/td><\/tr><tr><td><\/td><td>10%<\/td><td>1,00%<\/td><td>werfen den M\u00fcll in die Natur<\/td><\/tr><tr><td>41%<\/td><td>64%<\/td><td>78,00%<\/td><td>haben einen K\u00fchlschrank<\/td><\/tr><tr><td>7%<\/td><td>22%<\/td><td>55,00%<\/td><td>haben eine Waschmaschine<\/td><\/tr><tr><td>66%<\/td><td>63%<\/td><td>47,00%<\/td><td>der l\u00e4ndlichen Haushalte kocht mit Brennholz<\/td><\/tr><tr><td>87%<\/td><td>88%<\/td><td>81,00%<\/td><td>der st\u00e4dtischen Haushalte kocht mit Gas<\/td><\/tr><tr><td>11%<\/td><td>12%<\/td><td>15,00%<\/td><td>verf\u00fcgen \u00fcber ein Auto<\/td><\/tr><tr><td>24%<\/td><td><\/td><td><\/td><td>der Landbev\u00f6lkerung haben einen Esel<\/td><\/tr><tr><td>20%<\/td><td>87%<\/td><td><\/td><td>haben mindestens ein Handy<\/td><\/tr><tr><td>49%<\/td><td>82%<\/td><td>83,00%<\/td><td>haben ein TV<\/td><\/tr><tr><td>74%<\/td><td>59%<\/td><td><\/td><td>verf\u00fcgen \u00fcber ein Radio<\/td><\/tr><tr><td>4%<\/td><td>31%<\/td><td>71,00%<\/td><td>haben einen Computer\/Laptop<\/td><\/tr><tr><td>2%<\/td><td>23%<\/td><td>59,00%<\/td><td>verf\u00fcgen \u00fcber Internet in der Wohnung<\/td><\/tr><tr><td><\/td><td><\/td><td><\/td><td><\/td><\/tr><tr><td><\/td><td><\/td><td><\/td><td><\/td><\/tr><\/tbody><\/table><\/figure>\n","protected":false},"excerpt":{"rendered":"<p>Statistik ist eine trockene Materie &#8211; aber nur f\u00fcr Menschen ohne Fantasie. Hinter den Zahlen steht das pralle Leben mit allen H\u00f6hen und Abgr\u00fcnden. Mit etwas Vorstellungskraft kann sich eine ganze Welt erschlie\u00dfen.&nbsp; Unter anderem macht das Nationale Institut f\u00fcr &hellip; <a href=\"https:\/\/wordpress2.sao-filipe.com\/?page_id=2149\">Weiterlesen <span class=\"meta-nav\">&rarr;<\/span><\/a><\/p>\n","protected":false},"author":1,"featured_media":0,"parent":0,"menu_order":0,"comment_status":"closed","ping_status":"closed","template":"","meta":{"footnotes":""},"class_list":["post-2149","page","type-page","status-publish","hentry"],"_links":{"self":[{"href":"https:\/\/wordpress2.sao-filipe.com\/index.php?rest_route=\/wp\/v2\/pages\/2149","targetHints":{"allow":["GET"]}}],"collection":[{"href":"https:\/\/wordpress2.sao-filipe.com\/index.php?rest_route=\/wp\/v2\/pages"}],"about":[{"href":"https:\/\/wordpress2.sao-filipe.com\/index.php?rest_route=\/wp\/v2\/types\/page"}],"author":[{"embeddable":true,"href":"https:\/\/wordpress2.sao-filipe.com\/index.php?rest_route=\/wp\/v2\/users\/1"}],"replies":[{"embeddable":true,"href":"https:\/\/wordpress2.sao-filipe.com\/index.php?rest_route=%2Fwp%2Fv2%2Fcomments&post=2149"}],"version-history":[{"count":5,"href":"https:\/\/wordpress2.sao-filipe.com\/index.php?rest_route=\/wp\/v2\/pages\/2149\/revisions"}],"predecessor-version":[{"id":2157,"href":"https:\/\/wordpress2.sao-filipe.com\/index.php?rest_route=\/wp\/v2\/pages\/2149\/revisions\/2157"}],"wp:attachment":[{"href":"https:\/\/wordpress2.sao-filipe.com\/index.php?rest_route=%2Fwp%2Fv2%2Fmedia&parent=2149"}],"curies":[{"name":"wp","href":"https:\/\/api.w.org\/{rel}","templated":true}]}}